{"id":8754,"date":"2024-05-07T19:44:03","date_gmt":"2024-05-07T19:44:03","guid":{"rendered":"https:\/\/bergaresort.com\/canal-de-signalement\/"},"modified":"2024-11-27T17:02:29","modified_gmt":"2024-11-27T15:02:29","slug":"canal-de-signalement","status":"publish","type":"page","link":"https:\/\/www.bergaresort.com\/fr\/canal-de-signalement\/","title":{"rendered":"Canal de signalement"},"content":{"rendered":"\t\t<div data-elementor-type=\"wp-page\" data-elementor-id=\"8754\" class=\"elementor elementor-8754 elementor-2515\" data-elementor-post-type=\"page\">\n\t\t\t\t<div class=\"elementor-element elementor-element-962314e e-flex e-con-boxed e-con e-parent\" data-id=\"962314e\" data-element_type=\"container\" data-e-type=\"container\">\n\t\t\t\t\t<div class=\"e-con-inner\">\n\t\t\t\t<div class=\"elementor-element elementor-element-2236420 elementor-widget elementor-widget-heading\" data-id=\"2236420\" data-element_type=\"widget\" data-e-type=\"widget\" data-widget_type=\"heading.default\">\n\t\t\t\t<div class=\"elementor-widget-container\">\n\t\t\t\t\t<h1 class=\"elementor-heading-title elementor-size-default\">CANAL DE PLAINTE<\/h1>\t\t\t\t<\/div>\n\t\t\t\t<\/div>\n\t\t<div class=\"elementor-element elementor-element-b5f051a e-flex e-con-boxed e-con e-child\" data-id=\"b5f051a\" data-element_type=\"container\" data-e-type=\"container\" data-settings=\"{&quot;background_background&quot;:&quot;classic&quot;}\">\n\t\t\t\t\t<div class=\"e-con-inner\">\n\t\t\t\t<div class=\"elementor-element elementor-element-ea478b4 elementor-widget elementor-widget-heading\" data-id=\"ea478b4\" data-element_type=\"widget\" data-e-type=\"widget\" data-widget_type=\"heading.default\">\n\t\t\t\t<div class=\"elementor-widget-container\">\n\t\t\t\t\t<h2 class=\"elementor-heading-title elementor-size-default\">CANAL DE COMMUNICATION DENTUNIQUE S\u00c9CURIS\u00c9<\/h2>\t\t\t\t<\/div>\n\t\t\t\t<\/div>\n\t\t\t\t<div class=\"elementor-element elementor-element-9a977c6 elementor-widget elementor-widget-text-editor\" data-id=\"9a977c6\" data-element_type=\"widget\" data-e-type=\"widget\" data-widget_type=\"text-editor.default\">\n\t\t\t\t<div class=\"elementor-widget-container\">\n\t\t\t\t\t\t\t\t\t<p>Si vous avez d\u00e9tect\u00e9 une faute professionnelle ou une violation de votre relation professionnelle avec cette entit\u00e9 et que vous pouvez fournir des preuves \u00e0 cet \u00e9gard, vous pouvez utiliser ce canal pour le signaler et envoyer les informations de mani\u00e8re totalement anonyme<\/p>\n\t\t\t\t\t\t\t\t<\/div>\n\t\t\t\t<\/div>\n\t\t\t\t<div class=\"elementor-element elementor-element-199b8f9 elementor-align-center elementor-widget elementor-widget-button\" data-id=\"199b8f9\" data-element_type=\"widget\" data-e-type=\"widget\" data-widget_type=\"button.default\">\n\t\t\t\t<div class=\"elementor-widget-container\">\n\t\t\t\t\t\t\t\t\t<div class=\"elementor-button-wrapper\">\n\t\t\t\t\t<a class=\"elementor-button elementor-button-link elementor-size-sm\" href=\"https:\/\/themis.sortiacloud.com\/t\/02c0485c-edb8-4035-9452-749c595d3cd6\/#\/\">\n\t\t\t\t\t\t<span class=\"elementor-button-content-wrapper\">\n\t\t\t\t\t\t\t\t\t<span class=\"elementor-button-text\">Cliquez ici<\/span>\n\t\t\t\t\t<\/span>\n\t\t\t\t\t<\/a>\n\t\t\t\t<\/div>\n\t\t\t\t\t\t\t\t<\/div>\n\t\t\t\t<\/div>\n\t\t\t\t\t<\/div>\n\t\t\t\t<\/div>\n\t\t<div class=\"elementor-element elementor-element-a4327df e-flex e-con-boxed e-con e-child\" data-id=\"a4327df\" data-element_type=\"container\" data-e-type=\"container\" data-settings=\"{&quot;background_background&quot;:&quot;classic&quot;}\">\n\t\t\t\t\t<div class=\"e-con-inner\">\n\t\t\t\t<div class=\"elementor-element elementor-element-4fc692d elementor-widget elementor-widget-heading\" data-id=\"4fc692d\" data-element_type=\"widget\" data-e-type=\"widget\" data-widget_type=\"heading.default\">\n\t\t\t\t<div class=\"elementor-widget-container\">\n\t\t\t\t\t<h2 class=\"elementor-heading-title elementor-size-default\">PORTAIL D\u2019ADMINISTRATION<\/h2>\t\t\t\t<\/div>\n\t\t\t\t<\/div>\n\t\t\t\t<div class=\"elementor-element elementor-element-88b04fa elementor-widget elementor-widget-text-editor\" data-id=\"88b04fa\" data-element_type=\"widget\" data-e-type=\"widget\" data-widget_type=\"text-editor.default\">\n\t\t\t\t<div class=\"elementor-widget-container\">\n\t\t\t\t\t\t\t\t\t<p>Si vous avez d\u00e9tect\u00e9 une faute professionnelle ou une violation de votre relation professionnelle avec cette entit\u00e9 et que vous pouvez fournir des preuves \u00e0 cet \u00e9gard, vous pouvez utiliser ce canal pour le signaler et envoyer les informations de mani\u00e8re totalement anonyme<\/p>\n\t\t\t\t\t\t\t\t<\/div>\n\t\t\t\t<\/div>\n\t\t\t\t<div class=\"elementor-element elementor-element-4ef9f71 elementor-align-center elementor-widget elementor-widget-button\" data-id=\"4ef9f71\" data-element_type=\"widget\" data-e-type=\"widget\" data-widget_type=\"button.default\">\n\t\t\t\t<div class=\"elementor-widget-container\">\n\t\t\t\t\t\t\t\t\t<div class=\"elementor-button-wrapper\">\n\t\t\t\t\t<a class=\"elementor-button elementor-button-link elementor-size-sm\" href=\"https:\/\/themis.sortiacloud.com\/t\/02c0485c-edb8-4035-9452-749c595d3cd6\/#\/login?src=%2Frecipient%2Freports\">\n\t\t\t\t\t\t<span class=\"elementor-button-content-wrapper\">\n\t\t\t\t\t\t\t\t\t<span class=\"elementor-button-text\">Cliquez ici<\/span>\n\t\t\t\t\t<\/span>\n\t\t\t\t\t<\/a>\n\t\t\t\t<\/div>\n\t\t\t\t\t\t\t\t<\/div>\n\t\t\t\t<\/div>\n\t\t\t\t\t<\/div>\n\t\t\t\t<\/div>\n\t\t\t\t\t<\/div>\n\t\t\t\t<\/div>\n\t\t\t\t<\/div>\n\t\t","protected":false},"excerpt":{"rendered":"<p>CANAL DE PLAINTE CANAL DE COMMUNICATION DENTUNIQUE S\u00c9CURIS\u00c9 Si vous avez d\u00e9tect\u00e9 une faute professionnelle ou une violation de votre relation professionnelle avec cette entit\u00e9 et que vous pouvez fournir des preuves \u00e0 cet \u00e9gard, vous pouvez utiliser ce canal pour le signaler et envoyer les informations de mani\u00e8re totalement anonyme Cliquez ici PORTAIL D\u2019ADMINISTRATION [&hellip;]<\/p>\n","protected":false},"author":1,"featured_media":0,"parent":0,"menu_order":18,"comment_status":"closed","ping_status":"closed","template":"","meta":{"_seopress_robots_primary_cat":"","_seopress_titles_title":"","_seopress_titles_desc":"","_seopress_robots_index":"","footnotes":""},"class_list":["post-8754","page","type-page","status-publish"],"_links":{"self":[{"href":"https:\/\/www.bergaresort.com\/fr\/wp-json\/wp\/v2\/pages\/8754","targetHints":{"allow":["GET"]}}],"collection":[{"href":"https:\/\/www.bergaresort.com\/fr\/wp-json\/wp\/v2\/pages"}],"about":[{"href":"https:\/\/www.bergaresort.com\/fr\/wp-json\/wp\/v2\/types\/page"}],"author":[{"embeddable":true,"href":"https:\/\/www.bergaresort.com\/fr\/wp-json\/wp\/v2\/users\/1"}],"replies":[{"embeddable":true,"href":"https:\/\/www.bergaresort.com\/fr\/wp-json\/wp\/v2\/comments?post=8754"}],"version-history":[{"count":1,"href":"https:\/\/www.bergaresort.com\/fr\/wp-json\/wp\/v2\/pages\/8754\/revisions"}],"predecessor-version":[{"id":8757,"href":"https:\/\/www.bergaresort.com\/fr\/wp-json\/wp\/v2\/pages\/8754\/revisions\/8757"}],"wp:attachment":[{"href":"https:\/\/www.bergaresort.com\/fr\/wp-json\/wp\/v2\/media?parent=8754"}],"curies":[{"name":"wp","href":"https:\/\/api.w.org\/{rel}","templated":true}]}}