{"id":47121,"date":"2025-08-12T14:46:00","date_gmt":"2025-08-12T12:46:00","guid":{"rendered":"https:\/\/bergaresort.com\/decouvrez-les-meilleurs-jeux-des-casinos-non-gamstop-un-guide-complet\/"},"modified":"2025-08-12T14:51:29","modified_gmt":"2025-08-12T12:51:29","slug":"decouvrez-les-meilleurs-jeux-des-casinos-non-gamstop-un-guide-complet","status":"publish","type":"page","link":"https:\/\/www.bergaresort.com\/fr\/decouvrez-les-meilleurs-jeux-des-casinos-non-gamstop-un-guide-complet\/","title":{"rendered":"D\u00e9couvrez les meilleurs jeux des casinos non GamStop &#8211; Un guide complet"},"content":{"rendered":"\n<h1 class=\"wp-block-heading\"><\/h1>\n\n<p class=\"has-black-color has-text-color has-link-color\">If you seek an exciting alternative to restricted sites, consider exploring platforms that operate independently of regulatory frameworks like GamStop. These online venues offer a wide array of gaming experiences, allowing players to enjoy popular slot machines, table games, and live dealer options without the constraints imposed by more traditional establishments.<\/p><style>h1 {\n  color: black !important;\n}\n\nh2 {\n  color: black !important;\n}\n\nh3 {\n  color: black !important;\n}\n<\/style>\n\n<p>Recherchez des sites dot\u00e9s d\u2019interfaces conviviales et d\u2019une s\u00e9lection de fournisseurs de logiciels tr\u00e8s bien not\u00e9s. Les options de d\u00e9veloppeurs renomm\u00e9s am\u00e9liorent la qualit\u00e9 et la vari\u00e9t\u00e9 des offres, vous assurant d\u2019avoir acc\u00e8s \u00e0 des titres attrayants qui correspondent \u00e0 vos pr\u00e9f\u00e9rences. Faites attention aux promotions disponibles, car beaucoup de ces plateformes attirent de nouveaux joueurs avec des bonus de bienvenue g\u00e9n\u00e9reux et des incitations continues.  <\/p>\n\n<p>Lorsque vous choisissez <a href=\"http:\/\/learninginstitute.co.uk\/\">des casinos non gamstop<\/a>, la s\u00e9curit\u00e9 et le fair-play doivent \u00eatre primordiaux dans votre processus de prise de d\u00e9cision. Assurez-vous que le site est sous licence et qu\u2019il utilise des technologies de cryptage robustes pour prot\u00e9ger les informations personnelles et les transactions financi\u00e8res. De plus, la lecture des avis des joueurs peut fournir des informations pr\u00e9cieuses sur l\u2019exp\u00e9rience globale et la fiabilit\u00e9 de la plateforme.  <\/p>\n\n<h2 class=\"wp-block-heading\"><strong>Comprendre les casinos non GamStop et leurs avantages<\/strong><\/h2>\n\n<p>Les joueurs \u00e0 la recherche de plates-formes de jeu alternatives trouveront de nombreux avantages dans les \u00e9tablissements non affili\u00e9s \u00e0 GamStop. Ces sites offrent une plus large s\u00e9lection d\u2019options de jeu, permettant d\u2019acc\u00e9der \u00e0 diverses activit\u00e9s de paris, notamment les paris sportifs, les classiques de table et les variantes uniques de machines \u00e0 sous. <\/p>\n\n<p>Un avantage significatif de ces plateformes est l\u2019absence de restrictions d\u2019auto-exclusion impos\u00e9es par GamStop, permettant aux joueurs de g\u00e9rer leur compte sans restriction. Les individus peuvent choisir de faciliter les d\u00e9p\u00f4ts et les retraits \u00e0 leur convenance, am\u00e9liorant ainsi l\u2019autonomie de l\u2019exp\u00e9rience de jeu. <\/p>\n\n<p>De plus, beaucoup de ces sites ont tendance \u00e0 attirer des joueurs internationaux, ce qui se traduit par des bonus et des promotions comp\u00e9titifs. Les incitations telles que les bonus de bienvenue, les tours gratuits et les r\u00e9compenses de fid\u00e9lit\u00e9 continues sont souvent plus g\u00e9n\u00e9reuses que celles que l\u2019on trouve dans les \u00e9tablissements conformes \u00e0 GamStop. Cela conduit \u00e0 un environnement de jeu plus gratifiant.  <\/p>\n\n<p>Les mesures de s\u00e9curit\u00e9 et de jeu responsable restent une priorit\u00e9 pour les op\u00e9rateurs r\u00e9put\u00e9s de cette cat\u00e9gorie. Les licences d\u00e9livr\u00e9es par des organismes de r\u00e9glementation \u00e9tablis garantissent une atmosph\u00e8re de pari s\u00fbre, tandis que les services d\u2019assistance aux joueurs aident \u00e0 g\u00e9rer le jeu responsable. Les options de limitation du temps de jeu ou de d\u00e9p\u00f4t peuvent \u00eatre adapt\u00e9es aux besoins individuels, favorisant ainsi une exp\u00e9rience de jeu s\u00e9curis\u00e9e.  <\/p>\n\n<p>Pour ceux qui ne sont pas inscrits sur GamStop, il est primordial de trouver une plateforme fiable et r\u00e9put\u00e9e. La recherche d\u2019avis et la v\u00e9rification d\u2019informations de licence valides peuvent guider les joueurs dans l\u2019identification de lieux dignes de confiance. Opter pour des plateformes qui offrent des conditions g\u00e9n\u00e9rales transparentes contribue \u00e0 une exp\u00e9rience de jeu plus fiable.  <\/p>\n\n<p>En conclusion, l\u2019exploration de ces alternatives ouvre la voie \u00e0 un paysage de paris diversifi\u00e9 et flexible, offrant \u00e0 la fois excitation et s\u00e9curit\u00e9. La cl\u00e9 est de rester inform\u00e9 et de faire un choix judicieux, en veillant \u00e0 une exp\u00e9rience agr\u00e9able dans le domaine des jeux d\u2019argent en ligne. <\/p>\n\n<h2 class=\"wp-block-heading\"><strong>Explorer les genres de jeux populaires disponibles dans les casinos non GamStop<\/strong><\/h2>\n\n<p>Les machines \u00e0 sous sont une attraction majeure de ces plateformes, avec des th\u00e8mes allant des machines \u00e0 sous classiques aux machines \u00e0 sous vid\u00e9o modernes avec des sc\u00e9narios complexes et des m\u00e9canismes uniques. Recherchez des titres offrant des tours bonus, des jackpots progressifs et diverses lignes de paiement pour am\u00e9liorer votre exp\u00e9rience. <\/p>\n\n<h3 class=\"wp-block-heading\"><strong>Variations de table et de carte<\/strong><\/h3>\n\n<p>Pour les amateurs de jeu strat\u00e9gique, les options de table telles que le blackjack, la roulette et le baccarat se d\u00e9marquent. De nombreuses variantes incluent des paris secondaires, des r\u00e8gles diff\u00e9rentes et diverses limites de mise, s\u2019adressant aussi bien aux novices qu\u2019aux gros joueurs. Les exp\u00e9riences de croupier en direct rehaussent l\u2019immersion, apportant une interaction en temps r\u00e9el avec des croupiers qui imitent l\u2019ambiance d\u2019un lieu physique.  <\/p>\n\n<h3 class=\"wp-block-heading\"><strong>Offres sp\u00e9cialis\u00e9es<\/strong><\/h3>\n\n<p>Les cartes \u00e0 gratter et les jeux \u00e0 gain instantan\u00e9 offrent un divertissement simple et rapide. Ces formats incluent souvent des graphiques et des th\u00e8mes uniques li\u00e9s \u00e0 la culture populaire. De plus, le keno et le bingo attirent les joueurs par leurs aspects sociaux, permettant la participation \u00e0 des jeux communautaires et de gros jackpots. Des choix aussi vari\u00e9s garantissent qu\u2019il y en a pour tous les go\u00fbts.   <\/p>\n\n<h2 class=\"wp-block-heading\"><strong>Comment choisir le meilleur casino non GamStop pour vos besoins de jeu<\/strong><\/h2>\n\n<p>\u00c9valuer l\u2019octroi de licences et la r\u00e9glementation de l\u2019\u00e9tablissement. V\u00e9rifiez s\u2019il d\u00e9tient une licence d\u2019autorit\u00e9s r\u00e9put\u00e9es, en vous assurant qu\u2019il fonctionne dans les cadres l\u00e9gaux et qu\u2019il respecte les normes de l\u2019industrie. <\/p>\n\n<p>Explorez la vari\u00e9t\u00e9 d\u2019options de divertissement disponibles. Recherchez une plate-forme qui offre une s\u00e9lection vari\u00e9e de titres, y compris des machines \u00e0 sous, des activit\u00e9s de table et des exp\u00e9riences de croupier en direct, r\u00e9pondant \u00e0 diff\u00e9rentes pr\u00e9f\u00e9rences. <\/p>\n\n<p>Consultez les m\u00e9thodes de paiement prises en charge par le site. Optez pour un mod\u00e8le qui offre une gamme d\u2019options de d\u00e9p\u00f4t et de retrait, y compris des portefeuilles \u00e9lectroniques populaires et des crypto-monnaies pour plus de commodit\u00e9 et de s\u00e9curit\u00e9. <\/p>\n\n<p>Examinez les offres de bonus et les incitations promotionnelles. Privil\u00e9giez les plateformes qui offrent des bonus de bienvenue attrayants, des promotions en cours et des r\u00e9compenses de fid\u00e9lit\u00e9, am\u00e9liorant ainsi votre exp\u00e9rience de jeu. <\/p>\n\n<p>\u00c9valuez les services d\u2019assistance \u00e0 la client\u00e8le. Assurez-vous qu\u2019il existe plusieurs canaux d\u2019assistance disponibles, tels que le chat en direct, l\u2019e-mail ou le t\u00e9l\u00e9phone, et v\u00e9rifiez leur r\u00e9activit\u00e9 et leur disponibilit\u00e9. <\/p>\n\n<p>Examinez les avis et les commentaires des utilisateurs sur les forums et les sites d\u2019\u00e9valuation. La collecte d\u2019informations aupr\u00e8s d\u2019autres acteurs peut r\u00e9v\u00e9ler la fiabilit\u00e9 et la qualit\u00e9 du service en question. <\/p>\n\n<p>Confirmez la compatibilit\u00e9 mobile. Privil\u00e9giez les sites avec une version mobile fonctionnelle ou une application d\u00e9di\u00e9e, permettant une exp\u00e9rience fluide sur smartphones et tablettes. <\/p>\n\n<p>Tenez compte de la disposition et de l\u2019interface utilisateur de la plateforme. Un site bien organis\u00e9 avec une navigation intuitive am\u00e9liore l\u2019exp\u00e9rience utilisateur et facilite la localisation de vos activit\u00e9s pr\u00e9f\u00e9r\u00e9es. <\/p>\n\n<p>Renseignez-vous sur les restrictions sp\u00e9cifiques \u00e0 un pays. Assurez-vous que la plateforme accepte les joueurs de votre r\u00e9gion et respecte les r\u00e9glementations locales. <\/p>\n\n<h2 class=\"wp-block-heading\"><strong>Les meilleurs jeux de machines \u00e0 sous \u00e0 jouer dans les casinos non GamStop<\/strong><\/h2>\n\n<p>L\u2019une des options les plus int\u00e9ressantes pour les joueurs sont les machines \u00e0 sous \u00e0 jackpot progressif. Des titres comme Mega Moolah et Divine Fortune attirent constamment les joueurs avec leur potentiel de gains qui changent la vie. Ces machines sont connues pour accumuler des jackpots qui augmentent jusqu\u2019\u00e0 ce qu\u2019ils soient gagn\u00e9s, offrant une allure irr\u00e9sistible aux amateurs de hautes mises.  <\/p>\n\n<h3 class=\"wp-block-heading\"><strong>Moulinets classiques et variantes modernes<\/strong><\/h3>\n\n<p>Pour ceux qui appr\u00e9cient la simplicit\u00e9, les machines \u00e0 sous classiques \u00e0 trois rouleaux telles que Starburst offrent une exp\u00e9rience simple mais captivante. Alternativement, les joueurs aventureux peuvent pr\u00e9f\u00e9rer les machines \u00e0 sous vid\u00e9o modernes \u00e0 cinq rouleaux comme Book of Dead qui offrent des graphismes dynamiques et des sc\u00e9narios immersifs. Ces nouvelles variantes s\u2019accompagnent souvent de fonctionnalit\u00e9s bonus telles que des tours gratuits et des multiplicateurs qui peuvent consid\u00e9rablement am\u00e9liorer vos gains.  <\/p>\n\n<h3 class=\"wp-block-heading\"><strong>Votre strat\u00e9gie de s\u00e9lection de jeu<\/strong><\/h3>\n\n<p>Lorsque vous choisissez des machines \u00e0 sous, tenez compte des niveaux de volatilit\u00e9. Les titres \u00e0 forte volatilit\u00e9 offrent g\u00e9n\u00e9ralement des gains plus importants, mais moins fr\u00e9quemment, tandis que les options \u00e0 faible volatilit\u00e9 ont tendance \u00e0 payer plus souvent avec des montants plus petits. Des jeux tels que Thunderstruck II \u00e9quilibrent bien ces facteurs, ce qui en fait les favoris de divers types de joueurs. V\u00e9rifiez toujours le pourcentage de retour au joueur (RTP) ; les cr\u00e9neaux RTP plus \u00e9lev\u00e9s offrent g\u00e9n\u00e9ralement de meilleurs rendements \u00e0 long terme.   <\/p>\n\n<h2 class=\"wp-block-heading\"><strong>Jeux de cartes dont vous pouvez profiter dans les casinos non GamStop<\/strong><\/h2>\n\n<p>La roulette est un incontournable, avec plusieurs variantes telles que l\u2019europ\u00e9enne, l\u2019am\u00e9ricaine et la fran\u00e7aise. Le frisson de regarder la balle tourner tout en pla\u00e7ant des paris sur les couleurs ou les num\u00e9ros ajoute de l\u2019excitation \u00e0 chaque tour. Choisissez une table avec des cotes favorables pour maximiser vos chances.  <\/p>\n\n<p>Le Baccarat reste un choix classique, offrant simplicit\u00e9 avec un gameplay engageant. Les joueurs peuvent parier sur le banquier, le joueur ou une \u00e9galit\u00e9. Le faible avantage de la maison rend ce jeu de cartes attrayant pour les d\u00e9butants et les v\u00e9t\u00e9rans.  <\/p>\n\n<h3 class=\"wp-block-heading\"><strong>Matraque<\/strong><\/h3>\n\n<p>Le blackjack se distingue par sa profondeur strat\u00e9gique. Visez 21 sans le d\u00e9passer, en utilisant des techniques telles que la strat\u00e9gie de base ou le comptage des cartes pour am\u00e9liorer vos chances. Diff\u00e9rentes versions, comme Spanish 21 et Blackjack Switch, offrent des exp\u00e9riences vari\u00e9es.  <\/p>\n\n<h3 class=\"wp-block-heading\"><strong>Variantes de poker<\/strong><\/h3>\n\n<p>Diff\u00e9rents types de poker tels que le Texas Hold\u2019em, l\u2019Omaha et le Seven Card Stud r\u00e9pondent \u00e0 des comp\u00e9tences vari\u00e9es. Participez \u00e0 des tournois ou \u00e0 des tables d\u00e9contract\u00e9es, et tirez parti du bluff et des paris strat\u00e9giques pour d\u00e9jouer vos adversaires. Familiarisez-vous avec les r\u00e8gles et le classement des mains pour am\u00e9liorer votre gameplay.  <\/p>\n\n<h2 class=\"wp-block-heading\"><strong>Les jeux avec croupier en direct et leur attrait dans les casinos non GamStop<\/strong><\/h2>\n\n<p>Les exp\u00e9riences avec les croupiers en direct se distinguent par leur interaction en temps r\u00e9el avec des croupiers professionnels et des environnements immersifs, reproduisant l\u2019atmosph\u00e8re des lieux physiques. Les joueurs appr\u00e9cient la possibilit\u00e9 d\u2019interagir avec les croupiers via le chat en direct, ce qui renforce un aspect social souvent absent des configurations en ligne traditionnelles. <\/p>\n\n<p>La s\u00e9lection vari\u00e9e de tables, y compris des classiques comme le blackjack, la roulette et le baccara, r\u00e9pond aux diff\u00e9rentes pr\u00e9f\u00e9rences des joueurs et aux diff\u00e9rentes gammes de paris. De nombreuses plateformes proposent des variantes uniques de ces favoris, qui peuvent ajouter une touche passionnante \u00e0 l\u2019exp\u00e9rience de jeu. <\/p>\n\n<p>La fiabilit\u00e9 et la transparence sont des avantages non n\u00e9gligeables des interactions en direct, car les joueurs peuvent observer chaque action en temps r\u00e9el, ce qui garantit un jeu \u00e9quitable. La technologie de diffusion en continu haute d\u00e9finition am\u00e9liore la clart\u00e9, ce qui permet aux participants de suivre plus facilement le match et de maintenir leur confiance dans les r\u00e9sultats. <\/p>\n\n<p>La personnalisation de la session est un autre facteur attrayant. Les joueurs peuvent choisir parmi diff\u00e9rents croupiers et param\u00e8tres de table, ce qui permet une approche personnalis\u00e9e du jeu. Cette flexibilit\u00e9 conduit souvent \u00e0 des sessions plus longues et \u00e0 un engagement accru des joueurs.  <\/p>\n\n<p>De plus, les casinos proposant des offres de croupiers en direct mettent fr\u00e9quemment en \u0153uvre des bonus g\u00e9n\u00e9reux, ce qui peut donner aux nouveaux arrivants un d\u00e9part confortable sans investissement initial \u00e9lev\u00e9. Ces promotions sont con\u00e7ues pour encourager l\u2019exploration de diff\u00e9rentes tables et exp\u00e9riences. <\/p>\n\n<p>En conclusion, les options de croupier en direct offrent un m\u00e9lange attrayant d\u2019interaction, de vari\u00e9t\u00e9 et de commodit\u00e9, se d\u00e9marquant sur le march\u00e9 des jeux d\u2019argent en ligne. Pour ceux qui recherchent une exp\u00e9rience authentique et agr\u00e9able, ces fonctionnalit\u00e9s rendent les s\u00e9lections de croupiers en direct particuli\u00e8rement attrayantes. Les joueurs doivent explorer les options disponibles et d\u00e9terminer ce qui correspond le mieux \u00e0 leurs pr\u00e9f\u00e9rences.  <\/p>\n\n<h2 class=\"wp-block-heading\"><strong>Bonus et promotions offerts par les casinos non GamStop<\/strong><\/h2>\n\n<p><strong>Les bonus de bienvenue<\/strong> se trouvent couramment dans les \u00e9tablissements qui op\u00e8rent en dehors du cadre de GamStop. Ces incitations correspondent g\u00e9n\u00e9ralement \u00e0 un pourcentage de votre premier d\u00e9p\u00f4t, atteignant parfois jusqu\u2019\u00e0 200 % ou plus. Les joueurs peuvent maximiser leur bankroll de mani\u00e8re significative en profitant de ces offres.  <\/p>\n\n<p><strong>Les tours gratuits<\/strong> sont un outil promotionnel populaire, en particulier pour les amateurs de machines \u00e0 sous. De nombreuses plateformes offrent un nombre d\u00e9fini de tours gratuits sur des machines \u00e0 sous s\u00e9lectionn\u00e9es, permettant aux utilisateurs de tourner sans utiliser leurs propres fonds. Cela permet d\u2019explorer de nouveaux titres sans risque financier.  <\/p>\n\n<p>Recherchez <strong>les bonus sans d\u00e9p\u00f4t<\/strong>, qui sont particuli\u00e8rement attrayants. Ces r\u00e9compenses donnent aux joueurs la possibilit\u00e9 d\u2019essayer le site sans avoir \u00e0 d\u00e9poser d\u2019argent. Ces offres sont g\u00e9n\u00e9ralement limit\u00e9es \u00e0 un petit montant, mais servent d\u2019excellente introduction aux offres du casino.  <\/p>\n\n<p><strong>Les bonus de recharge<\/strong> sont destin\u00e9s aux joueurs existants, ce qui les incite \u00e0 effectuer des d\u00e9p\u00f4ts suppl\u00e9mentaires. Ces bonus suivent souvent une structure similaire aux bonus de bienvenue et peuvent am\u00e9liorer l\u2019exp\u00e9rience de jeu globale des habitu\u00e9s. <\/p>\n\n<p><strong>Les programmes de fid\u00e9lit\u00e9<\/strong> r\u00e9compensent le jeu continu gr\u00e2ce \u00e0 des points qui peuvent \u00eatre convertis en argent, en bonus ou en autres avantages. S\u2019engager dans de tels programmes peut conduire \u00e0 des offres exclusives, des bonus am\u00e9lior\u00e9s et un service personnalis\u00e9. <\/p>\n\n<p>Enfin, <strong>des promotions saisonni\u00e8res<\/strong> fr\u00e9quentes peuvent apporter une valeur suppl\u00e9mentaire. Ces offres \u00e0 dur\u00e9e limit\u00e9e peuvent s\u2019aligner sur des jours f\u00e9ri\u00e9s ou des \u00e9v\u00e9nements et peuvent inclure des bonus am\u00e9lior\u00e9s ou des comp\u00e9titions uniques qui encouragent les joueurs \u00e0 participer activement. <\/p>\n\n<h2 class=\"wp-block-heading\"><strong>Options de paiement pour jouer dans les casinos non GamStop<\/strong><\/h2>\n\n<p>Choisissez des portefeuilles \u00e9lectroniques comme PayPal, Skrill ou Neteller pour des transactions rapides et une confidentialit\u00e9 accrue lorsque vous jouez sur des plateformes de jeu alternatives. Ces options offrent g\u00e9n\u00e9ralement des d\u00e9p\u00f4ts instantan\u00e9s et des retraits rapides, ce qui peut am\u00e9liorer consid\u00e9rablement votre exp\u00e9rience de jeu. <\/p>\n\n<p>Les cartes de cr\u00e9dit et de d\u00e9bit restent populaires pour les d\u00e9p\u00f4ts, Visa et Mastercard \u00e9tant largement accept\u00e9es. Ces m\u00e9thodes offrent des transactions simples, mais les d\u00e9lais de traitement des retraits peuvent \u00eatre plus longs que ceux des portefeuilles \u00e9lectroniques. <\/p>\n\n<p>Les crypto-monnaies telles que Bitcoin, Ethereum et Litecoin gagnent du terrain dans le secteur des jeux d\u2019argent, permettant aux joueurs de profiter de transactions anonymes et de d\u00e9lais de retrait plus rapides. Cette m\u00e9thode est recommand\u00e9e pour ceux qui recherchent un certain niveau de confidentialit\u00e9 et de s\u00e9curit\u00e9. <\/p>\n\n<p>Les virements bancaires sont un autre choix viable, offrant une option s\u00fbre pour les sommes plus importantes. Cependant, sachez que cette m\u00e9thode peut impliquer des d\u00e9lais de traitement plus longs pour les d\u00e9p\u00f4ts et les retraits. <\/p>\n\n<figure class=\"wp-block-table\"><table class=\"has-fixed-layout\"><tbody><tr><td><strong>Mode de paiement<\/strong><\/td><td><strong>Temps de d\u00e9p\u00f4t<\/strong><\/td><td><strong>D\u00e9lai d\u2019attente<\/strong><\/td><td><strong>Honoraires<\/strong><\/td><\/tr><tr><td>Portefeuilles \u00e9lectroniques (PayPal, Skrill, Neteller)<\/td><td>Instant<\/td><td>1-3 jours<\/td><td>Varie selon l\u2019op\u00e9rateur<\/td><\/tr><tr><td>Cartes de cr\u00e9dit\/d\u00e9bit<\/td><td>Instant<\/td><td>3-5 jours<\/td><td>Varie selon la banque<\/td><\/tr><tr><td>Crypto-monnaies<\/td><td>Instant<\/td><td>G\u00e9n\u00e9ralement en quelques heures<\/td><td>Faible ou aucun<\/td><\/tr><tr><td>Virements bancaires<\/td><td>1-3 jours<\/td><td>3-7 jours<\/td><td>Peut s\u2019appliquer<\/td><\/tr><\/tbody><\/table><\/figure>\n\n<p>\u00c9valuez chaque mode de paiement en fonction de vos pr\u00e9f\u00e9rences en mati\u00e8re de vitesse, de s\u00e9curit\u00e9 et de commodit\u00e9 pour garantir une exp\u00e9rience de jeu fluide.<\/p>\n\n<h2 class=\"wp-block-heading\"><strong>Assurer la s\u00fbret\u00e9 et la s\u00e9curit\u00e9 pendant le jeu dans les casinos non GamStop<\/strong><\/h2>\n\n<p>V\u00e9rifiez l\u2019\u00e9tat de la licence et de la r\u00e9glementation avant de vous inscrire. Choisissez des plateformes agr\u00e9\u00e9es par des autorit\u00e9s r\u00e9put\u00e9es comme la UK Gambling Commission ou la Malta Gaming Authority. Cela garantit le respect de protocoles de s\u00e9curit\u00e9 stricts.  <\/p>\n\n<h3 class=\"wp-block-heading\"><strong>Mesures de protection des donn\u00e9es<\/strong><\/h3>\n\n<p>Recherchez des casinos qui utilisent le cryptage SSL pour prot\u00e9ger les informations personnelles et financi\u00e8res. Cela emp\u00eache tout acc\u00e8s non autoris\u00e9 et renforce la confidentialit\u00e9. <\/p>\n\n<h3 class=\"wp-block-heading\"><strong>Caract\u00e9ristiques du jeu responsable<\/strong><\/h3>\n\n<p>Recherchez des options qui favorisent le jeu responsable, telles que les limites de d\u00e9p\u00f4t, les rappels de session et les outils d\u2019auto-exclusion. Ces fonctionnalit\u00e9s vous aident \u00e0 g\u00e9rer vos habitudes de jeu et votre budget. <\/p>\n\n<ul class=\"wp-block-list\">\n<li>Examinez les commentaires en ligne et les \u00e9valuations des autres joueurs pour \u00e9valuer la r\u00e9putation de la plateforme.<\/li>\n\n\n\n<li>Utilisez des m\u00e9thodes de paiement s\u00e9curis\u00e9es, y compris les portefeuilles \u00e9lectroniques et les cryptomonnaies, pour les transactions.<\/li>\n\n\n\n<li>Assurez-vous que le support client est accessible via plusieurs canaux, tels que le chat, l\u2019e-mail ou le t\u00e9l\u00e9phone.<\/li>\n<\/ul>\n\n<p>Effectuer des audits r\u00e9guliers des pratiques de s\u00e9curit\u00e9 en ligne. Un site r\u00e9put\u00e9 publiera de mani\u00e8re transparente ses r\u00e9sultats d\u2019audit et ses certifications de s\u00e9curit\u00e9. Il s\u2019agit d\u2019un indicateur cl\u00e9 de leur engagement envers la s\u00e9curit\u00e9 des joueurs.  <\/p>\n\n<p>Soyez conscient des escroqueries et des attaques de phishing potentielles. Acc\u00e9dez toujours au site Web du casino via un lien s\u00e9curis\u00e9, et non par le biais d\u2019e-mails ou de messages non sollicit\u00e9s. <\/p>\n\n<h2 class=\"wp-block-heading\"><strong>Conseils pour maximiser votre exp\u00e9rience de jeu dans les casinos non GamStop<\/strong><\/h2>\n\n<p>\u00c9tablissez un budget avant de commencer. D\u00e9terminez combien vous \u00eates pr\u00eat \u00e0 d\u00e9penser pendant votre s\u00e9ance et respectez-le pour \u00e9viter de trop d\u00e9penser. <\/p>\n\n<p>Profitez des bonus. De nombreuses plateformes proposent diverses promotions, telles que des packages de bienvenue et des r\u00e9compenses de fid\u00e9lit\u00e9. Lisez attentivement les termes et conditions pour comprendre les conditions de mise.  <\/p>\n\n<p>Jouez \u00e0 des jeux avec un pourcentage de retour au joueur (RTP) \u00e9lev\u00e9. Recherchez des titres qui ont de meilleures chances, car cela peut am\u00e9liorer votre potentiel de gain. <\/p>\n\n<p>T\u00e2tez le terrain avec des versions gratuites. De nombreuses plateformes proposent des modes d\u00e9mo, vous permettant de vous entra\u00eener sans risquer de l\u2019argent r\u00e9el. <\/p>\n\n<ul class=\"wp-block-list\">\n<li>Faites des pauses r\u00e9guli\u00e8res. Cela permet de rester concentr\u00e9 et de prendre de meilleures d\u00e9cisions. <\/li>\n\n\n\n<li>Utilisez des outils de jeu responsables. Fixez des limites sur les d\u00e9p\u00f4ts et les sessions lorsque cela est possible. <\/li>\n\n\n\n<li>Explorez diff\u00e9rents fournisseurs de jeux. Diff\u00e9rents d\u00e9veloppeurs proposent des m\u00e9canismes et des th\u00e8mes uniques qui peuvent enrichir votre exp\u00e9rience. <\/li>\n<\/ul>\n\n<p>Engagez-vous avec le support. Si vous rencontrez des probl\u00e8mes, contactez le service client. Ils peuvent fournir une assistance imm\u00e9diate pour une exp\u00e9rience plus fluide.  <\/p>\n\n<p>Rejoignez des forums ou des communaut\u00e9s. Le partage d\u2019exp\u00e9riences et de strat\u00e9gies avec d\u2019autres joueurs peut conduire \u00e0 des informations et des conseils pr\u00e9cieux. <\/p>\n\n<p>Restez \u00e0 jour sur les nouvelles versions. Les nouveaux titres introduisent souvent de nouvelles fonctionnalit\u00e9s, offrant des opportunit\u00e9s de jeu passionnantes. <\/p>\n\n<p>Restez inform\u00e9 sur les m\u00e9thodes de paiement. Choisissez des options qui offrent des retraits rapides et des frais minimes. <\/p>\n\n<p>Enfin, profitez de l\u2019exp\u00e9rience. Amusez-vous et rappelez-vous que le jeu doit \u00eatre divertissant et non une source de stress. <\/p>\n","protected":false},"excerpt":{"rendered":"<p>If you seek an exciting alternative to restricted sites, consider exploring platforms that operate independently of regulatory frameworks like GamStop. These online venues offer a wide array of gaming experiences, allowing players to enjoy popular slot machines, table games, and live dealer options without the constraints imposed by more traditional establishments. Recherchez des sites dot\u00e9s [&hellip;]<\/p>\n","protected":false},"author":1,"featured_media":0,"parent":0,"menu_order":0,"comment_status":"closed","ping_status":"closed","template":"","meta":{"_seopress_robots_primary_cat":"","_seopress_titles_title":"","_seopress_titles_desc":"","_seopress_robots_index":"","footnotes":""},"class_list":["post-47121","page","type-page","status-publish"],"_links":{"self":[{"href":"https:\/\/www.bergaresort.com\/fr\/wp-json\/wp\/v2\/pages\/47121","targetHints":{"allow":["GET"]}}],"collection":[{"href":"https:\/\/www.bergaresort.com\/fr\/wp-json\/wp\/v2\/pages"}],"about":[{"href":"https:\/\/www.bergaresort.com\/fr\/wp-json\/wp\/v2\/types\/page"}],"author":[{"embeddable":true,"href":"https:\/\/www.bergaresort.com\/fr\/wp-json\/wp\/v2\/users\/1"}],"replies":[{"embeddable":true,"href":"https:\/\/www.bergaresort.com\/fr\/wp-json\/wp\/v2\/comments?post=47121"}],"version-history":[{"count":2,"href":"https:\/\/www.bergaresort.com\/fr\/wp-json\/wp\/v2\/pages\/47121\/revisions"}],"predecessor-version":[{"id":47131,"href":"https:\/\/www.bergaresort.com\/fr\/wp-json\/wp\/v2\/pages\/47121\/revisions\/47131"}],"wp:attachment":[{"href":"https:\/\/www.bergaresort.com\/fr\/wp-json\/wp\/v2\/media?parent=47121"}],"curies":[{"name":"wp","href":"https:\/\/api.w.org\/{rel}","templated":true}]}}