{"id":8766,"date":"2024-05-07T20:01:59","date_gmt":"2024-05-07T18:01:59","guid":{"rendered":"https:\/\/bergaresort.com\/live\/"},"modified":"2026-02-10T11:35:24","modified_gmt":"2026-02-10T09:35:24","slug":"live","status":"publish","type":"page","link":"https:\/\/www.bergaresort.com\/en\/live\/","title":{"rendered":"Live"},"content":{"rendered":"<p><iframe src=\"https:\/\/ipcamlive.com\/player\/player.php?alias=bergaresort\" width=\"1100px\" height=\"700px\" frameborder=\"0\" allowfullscreen=\"allowfullscreen\"><\/iframe><br \/><iframe src=\"https:\/\/www.climameteoinfo.com\/webest\/id.CAT_232112973967.html\" width=\"1080\" height=\"640\"><br \/><\/iframe><br \/><iframe src=\"https:\/\/kuula.co\/share\/5P3TD?logo=1&amp;info=1&amp;fs=1&amp;vr=0&amp;sd=1&amp;thumbs=1\" width=\"100%\" height=\"640\" frameborder=\"0\" scrolling=\"no\" allowfullscreen=\"allowfullscreen\"><\/iframe><\/p>\n","protected":false},"excerpt":{"rendered":"","protected":false},"author":1,"featured_media":0,"parent":0,"menu_order":13,"comment_status":"closed","ping_status":"closed","template":"","meta":{"_seopress_robots_primary_cat":"","_seopress_titles_title":"Webcam en Directo -Berga Resort","_seopress_titles_desc":"Consulta el tiempo en directo en Berga Resort con nuestra webcam. \r\nDescubre c\u00f3mo est\u00e1 el clima en plena monta\u00f1a antes de planificar tu visita. \u00a1Entra ya!","_seopress_robots_index":"","footnotes":""},"class_list":["post-8766","page","type-page","status-publish"],"_links":{"self":[{"href":"https:\/\/www.bergaresort.com\/en\/wp-json\/wp\/v2\/pages\/8766","targetHints":{"allow":["GET"]}}],"collection":[{"href":"https:\/\/www.bergaresort.com\/en\/wp-json\/wp\/v2\/pages"}],"about":[{"href":"https:\/\/www.bergaresort.com\/en\/wp-json\/wp\/v2\/types\/page"}],"author":[{"embeddable":true,"href":"https:\/\/www.bergaresort.com\/en\/wp-json\/wp\/v2\/users\/1"}],"replies":[{"embeddable":true,"href":"https:\/\/www.bergaresort.com\/en\/wp-json\/wp\/v2\/comments?post=8766"}],"version-history":[{"count":6,"href":"https:\/\/www.bergaresort.com\/en\/wp-json\/wp\/v2\/pages\/8766\/revisions"}],"predecessor-version":[{"id":59137,"href":"https:\/\/www.bergaresort.com\/en\/wp-json\/wp\/v2\/pages\/8766\/revisions\/59137"}],"wp:attachment":[{"href":"https:\/\/www.bergaresort.com\/en\/wp-json\/wp\/v2\/media?parent=8766"}],"curies":[{"name":"wp","href":"https:\/\/api.w.org\/{rel}","templated":true}]}}